{"id":300,"date":"2021-06-16T16:37:03","date_gmt":"2021-06-16T19:37:03","guid":{"rendered":"http:\/\/cafevovopureza.com.br\/?page_id=300"},"modified":"2021-08-02T13:50:50","modified_gmt":"2021-08-02T16:50:50","slug":"politica-de-pagamentos","status":"publish","type":"page","link":"https:\/\/cafevovopureza.com.br\/index.php\/politica-de-pagamentos\/","title":{"rendered":"Pol\u00edtica de Pagamentos"},"content":{"rendered":"\n<div style=\"height:50px\" aria-hidden=\"true\" class=\"wp-block-spacer\"><\/div>\n\n\n\n<h2 class=\"has-large-font-size wp-block-heading\">Qual a forma de pagamento?<\/h2>\n\n\n\n<p>Voc\u00ea pode fazer as compras com cart\u00e3o de cr\u00e9dito.<\/p>\n\n\n\n<p>Utilizamos o Gateway do <strong>Mercado Pago<\/strong> para que voc\u00ea possa efetuar pagamentos em nosso site. Para informa\u00e7\u00f5es sobre a <strong>politica de privacidade<\/strong> do Mercado Pago acesse o link a seguir: <a href=\"https:\/\/www.mercadopago.com.br\/privacidade\" target=\"_blank\" rel=\"noreferrer noopener\">https:\/\/www.mercadopago.com.br\/privacidade<\/a><\/p>\n\n\n\n<h2 class=\"has-large-font-size wp-block-heading\">\u00c9 seguro comprar no Caf\u00e9 Vov\u00f3 Pureza?<\/h2>\n\n\n\n<p>A privacidade e a seguran\u00e7a dos clientes s\u00e3o prioridade para o <strong>Caf\u00e9 Vov\u00f3 Pureza<\/strong>. N\u00e3o temos acesso aos seus dados banc\u00e1rios, sendo o cliente direcionado para o mercado pago na hora do pagamento. <strong>Comprar no Caf\u00e9 Vov\u00f3 Pureza \u00e9 f\u00e1cil e seguro<\/strong>.<\/p>\n\n\n\n<p><\/p>\n","protected":false},"excerpt":{"rendered":"<p>Qual a forma de pagamento? Voc\u00ea pode fazer as compras com cart\u00e3o de cr\u00e9dito. Utilizamos o Gateway do Mercado Pago para que voc\u00ea possa efetuar pagamentos em nosso site. Para informa\u00e7\u00f5es sobre a politica de privacidade do Mercado Pago acesse o link a seguir: https:\/\/www.mercadopago.com.br\/privacidade \u00c9 seguro comprar no Caf\u00e9 Vov\u00f3 Pureza? A privacidade e [&hellip;]<\/p>\n","protected":false},"author":1,"featured_media":0,"parent":0,"menu_order":0,"comment_status":"closed","ping_status":"closed","template":"","meta":{"ocean_post_layout":"","ocean_both_sidebars_style":"","ocean_both_sidebars_content_width":0,"ocean_both_sidebars_sidebars_width":0,"ocean_sidebar":"0","ocean_second_sidebar":"0","ocean_disable_margins":"enable","ocean_add_body_class":"","ocean_shortcode_before_top_bar":"","ocean_shortcode_after_top_bar":"","ocean_shortcode_before_header":"","ocean_shortcode_after_header":"","ocean_has_shortcode":"","ocean_shortcode_after_title":"","ocean_shortcode_before_footer_widgets":"","ocean_shortcode_after_footer_widgets":"","ocean_shortcode_before_footer_bottom":"","ocean_shortcode_after_footer_bottom":"","ocean_display_top_bar":"default","ocean_display_header":"default","ocean_header_style":"","ocean_center_header_left_menu":"0","ocean_custom_header_template":"0","ocean_custom_logo":0,"ocean_custom_retina_logo":0,"ocean_custom_logo_max_width":0,"ocean_custom_logo_tablet_max_width":0,"ocean_custom_logo_mobile_max_width":0,"ocean_custom_logo_max_height":0,"ocean_custom_logo_tablet_max_height":0,"ocean_custom_logo_mobile_max_height":0,"ocean_header_custom_menu":"0","ocean_menu_typo_font_family":"0","ocean_menu_typo_font_subset":"","ocean_menu_typo_font_size":0,"ocean_menu_typo_font_size_tablet":0,"ocean_menu_typo_font_size_mobile":0,"ocean_menu_typo_font_size_unit":"px","ocean_menu_typo_font_weight":"","ocean_menu_typo_font_weight_tablet":"","ocean_menu_typo_font_weight_mobile":"","ocean_menu_typo_transform":"","ocean_menu_typo_transform_tablet":"","ocean_menu_typo_transform_mobile":"","ocean_menu_typo_line_height":0,"ocean_menu_typo_line_height_tablet":0,"ocean_menu_typo_line_height_mobile":0,"ocean_menu_typo_line_height_unit":"","ocean_menu_typo_spacing":0,"ocean_menu_typo_spacing_tablet":0,"ocean_menu_typo_spacing_mobile":0,"ocean_menu_typo_spacing_unit":"","ocean_menu_link_color":"","ocean_menu_link_color_hover":"","ocean_menu_link_color_active":"","ocean_menu_link_background":"","ocean_menu_link_hover_background":"","ocean_menu_link_active_background":"","ocean_menu_social_links_bg":"","ocean_menu_social_hover_links_bg":"","ocean_menu_social_links_color":"","ocean_menu_social_hover_links_color":"","ocean_disable_title":"default","ocean_disable_heading":"default","ocean_post_title":"","ocean_post_subheading":"","ocean_post_title_style":"","ocean_post_title_background_color":"","ocean_post_title_background":0,"ocean_post_title_bg_image_position":"","ocean_post_title_bg_image_attachment":"","ocean_post_title_bg_image_repeat":"","ocean_post_title_bg_image_size":"","ocean_post_title_height":0,"ocean_post_title_bg_overlay":0.5,"ocean_post_title_bg_overlay_color":"","ocean_disable_breadcrumbs":"default","ocean_breadcrumbs_color":"","ocean_breadcrumbs_separator_color":"","ocean_breadcrumbs_links_color":"","ocean_breadcrumbs_links_hover_color":"","ocean_display_footer_widgets":"default","ocean_display_footer_bottom":"default","ocean_custom_footer_template":"0","_joinchat":[],"footnotes":""},"class_list":["post-300","page","type-page","status-publish","hentry","entry","owp-thumbs-layout-vertical","owp-btn-normal","owp-tabs-layout-horizontal","has-no-thumbnails","has-product-nav","circle-sale"],"aioseo_notices":[],"jetpack_sharing_enabled":true,"_links":{"self":[{"href":"https:\/\/cafevovopureza.com.br\/index.php\/wp-json\/wp\/v2\/pages\/300","targetHints":{"allow":["GET"]}}],"collection":[{"href":"https:\/\/cafevovopureza.com.br\/index.php\/wp-json\/wp\/v2\/pages"}],"about":[{"href":"https:\/\/cafevovopureza.com.br\/index.php\/wp-json\/wp\/v2\/types\/page"}],"author":[{"embeddable":true,"href":"https:\/\/cafevovopureza.com.br\/index.php\/wp-json\/wp\/v2\/users\/1"}],"replies":[{"embeddable":true,"href":"https:\/\/cafevovopureza.com.br\/index.php\/wp-json\/wp\/v2\/comments?post=300"}],"version-history":[{"count":12,"href":"https:\/\/cafevovopureza.com.br\/index.php\/wp-json\/wp\/v2\/pages\/300\/revisions"}],"predecessor-version":[{"id":1028,"href":"https:\/\/cafevovopureza.com.br\/index.php\/wp-json\/wp\/v2\/pages\/300\/revisions\/1028"}],"wp:attachment":[{"href":"https:\/\/cafevovopureza.com.br\/index.php\/wp-json\/wp\/v2\/media?parent=300"}],"curies":[{"name":"wp","href":"https:\/\/api.w.org\/{rel}","templated":true}]}}